{"id":102,"date":"2021-03-04T10:53:43","date_gmt":"2021-03-04T09:53:43","guid":{"rendered":"https:\/\/www.obec-rataje.cz\/wp\/?page_id=102"},"modified":"2021-03-04T10:53:48","modified_gmt":"2021-03-04T09:53:48","slug":"schvaleny-zaverecny-ucet-obce-rataje-za-rok-2019","status":"publish","type":"page","link":"https:\/\/www.obec-rataje.cz\/wp\/schvaleny-zaverecny-ucet-obce-rataje-za-rok-2019\/","title":{"rendered":"Schv\u00e1len\u00fd Z\u00e1v\u011bre\u010dn\u00fd \u00fa\u010det Obce Rataje za rok 2019"},"content":{"rendered":"\n<figure class=\"wp-block-table is-style-stripes\"><table class=\"has-subtle-pale-blue-background-color has-fixed-layout has-background\"><thead><tr><th>vyv\u011b\u0161eno<\/th><th>n\u00e1zev<\/th><th>sv\u011b\u0161eno<\/th><\/tr><\/thead><tbody><tr><td>29.6.2020<\/td><td><span style=\"text-decoration: underline;\"><a href=\"https:\/\/www.obec-rataje.cz\/wp\/wp-content\/uploads\/2021\/03\/r01.pdf\">Schv\u00e1len\u00fd Z\u00e1v\u011bre\u010dn\u00fd \u00fa\u010det Obce Rataje za rok 2019<\/a><\/span><\/td><td><\/td><\/tr><tr><td>29.6.2020<\/td><td><span style=\"text-decoration: underline;\"><a href=\"https:\/\/www.obec-rataje.cz\/wp\/wp-content\/uploads\/2021\/03\/r02.pdf\">P\u0159\u00edloha \u010d. 2<\/a><\/span><\/td><td><\/td><\/tr><tr><td>29.6.2020<\/td><td><span style=\"text-decoration: underline;\"><a href=\"https:\/\/www.obec-rataje.cz\/wp\/wp-content\/uploads\/2021\/03\/r03.pdf\">Pln\u011bn\u00ed rozpo\u010dtu 2019<\/a><\/span><\/td><td><\/td><\/tr><tr><td>29.6.2020<\/td><td><span style=\"text-decoration: underline;\"><a href=\"https:\/\/www.obec-rataje.cz\/wp\/wp-content\/uploads\/2021\/03\/r04.pdf\">P\u0159\u00edloha 2019<\/a><\/span><\/td><td><\/td><\/tr><tr><td>29.6.2020<\/td><td><span style=\"text-decoration: underline;\"><a href=\"https:\/\/www.obec-rataje.cz\/wp\/wp-content\/uploads\/2021\/03\/r05.pdf\">V\u00fdkaz zisku a ztr\u00e1ty 2019<\/a><\/span><\/td><td><\/td><\/tr><tr><td>29.6.2020<\/td><td><span style=\"text-decoration: underline;\"><a href=\"https:\/\/www.obec-rataje.cz\/wp\/wp-content\/uploads\/2021\/03\/r06.pdf\">Rozvaha 2019<\/a><\/span><\/td><td><\/td><\/tr><tr><td>29.6.2020<\/td><td><span style=\"text-decoration: underline;\"><a href=\"https:\/\/www.obec-rataje.cz\/wp\/wp-content\/uploads\/2021\/03\/r07.pdf\">Zpr\u00e1va o v\u00fdsledku p\u0159ezkoum\u00e1n\u00ed hospoda\u0159en\u00ed obce Rataje<\/a><\/span><\/td><td><\/td><\/tr><\/tbody><\/table><\/figure>\n","protected":false},"excerpt":{"rendered":"<p>vyv\u011b\u0161eno n\u00e1zev sv\u011b\u0161eno 29.6.2020 Schv\u00e1len\u00fd Z\u00e1v\u011bre\u010dn\u00fd \u00fa\u010det Obce Rataje za rok 2019 29.6.2020 P\u0159\u00edloha \u010d. 2 29.6.2020 Pln\u011bn\u00ed rozpo\u010dtu 2019 29.6.2020 P\u0159\u00edloha 2019 29.6.2020 V\u00fdkaz zisku a ztr\u00e1ty 2019 29.6.2020 Rozvaha 2019 29.6.2020 Zpr\u00e1va o v\u00fdsledku p\u0159ezkoum\u00e1n\u00ed hospoda\u0159en\u00ed obce Rataje<\/p>\n","protected":false},"author":1,"featured_media":0,"parent":0,"menu_order":0,"comment_status":"closed","ping_status":"closed","template":"","meta":{"footnotes":""},"class_list":["post-102","page","type-page","status-publish","hentry"],"_links":{"self":[{"href":"https:\/\/www.obec-rataje.cz\/wp\/wp-json\/wp\/v2\/pages\/102","targetHints":{"allow":["GET"]}}],"collection":[{"href":"https:\/\/www.obec-rataje.cz\/wp\/wp-json\/wp\/v2\/pages"}],"about":[{"href":"https:\/\/www.obec-rataje.cz\/wp\/wp-json\/wp\/v2\/types\/page"}],"author":[{"embeddable":true,"href":"https:\/\/www.obec-rataje.cz\/wp\/wp-json\/wp\/v2\/users\/1"}],"replies":[{"embeddable":true,"href":"https:\/\/www.obec-rataje.cz\/wp\/wp-json\/wp\/v2\/comments?post=102"}],"version-history":[{"count":1,"href":"https:\/\/www.obec-rataje.cz\/wp\/wp-json\/wp\/v2\/pages\/102\/revisions"}],"predecessor-version":[{"id":104,"href":"https:\/\/www.obec-rataje.cz\/wp\/wp-json\/wp\/v2\/pages\/102\/revisions\/104"}],"wp:attachment":[{"href":"https:\/\/www.obec-rataje.cz\/wp\/wp-json\/wp\/v2\/media?parent=102"}],"curies":[{"name":"wp","href":"https:\/\/api.w.org\/{rel}","templated":true}]}}