{"id":460,"date":"2022-05-31T07:01:44","date_gmt":"2022-05-31T05:01:44","guid":{"rendered":"https:\/\/www.obec-rataje.cz\/wp\/?page_id=460"},"modified":"2022-05-31T07:06:09","modified_gmt":"2022-05-31T05:06:09","slug":"navrh-zaverecneho-uctu-obce-rataje-za-rok-2021","status":"publish","type":"page","link":"https:\/\/www.obec-rataje.cz\/wp\/navrh-zaverecneho-uctu-obce-rataje-za-rok-2021\/","title":{"rendered":"N\u00e1vrh z\u00e1v\u011bre\u010dn\u00e9ho \u00fa\u010dtu obce Rataje za rok 2021"},"content":{"rendered":"\n<figure class=\"wp-block-table aligncenter is-style-stripes\"><table><tbody><tr><td class=\"has-text-align-center\" data-align=\"center\"><span style=\"text-decoration: underline;\"><a href=\"https:\/\/www.obec-rataje.cz\/wp\/wp-content\/uploads\/2022\/05\/1-1.pdf\">N\u00e1vrh z\u00e1v\u011bre\u010dn\u00e9ho \u00fa\u010dtu Obce Rataje za rok 2021<\/a><\/span><\/td><\/tr><tr><td class=\"has-text-align-center\" data-align=\"center\"><span style=\"text-decoration: underline;\"><a href=\"https:\/\/www.obec-rataje.cz\/wp\/wp-content\/uploads\/2022\/05\/2-1.pdf\">P\u0159\u00edloha \u010d. 2<\/a><\/span><\/td><\/tr><tr><td class=\"has-text-align-center\" data-align=\"center\"><span style=\"text-decoration: underline;\"><a href=\"https:\/\/www.obec-rataje.cz\/wp\/wp-content\/uploads\/2022\/05\/3-2.pdf\">Pln\u011bn\u00ed rozpo\u010dtu 2021<\/a><\/span><\/td><\/tr><tr><td class=\"has-text-align-center\" data-align=\"center\"><span style=\"text-decoration: underline;\"><a href=\"https:\/\/www.obec-rataje.cz\/wp\/wp-content\/uploads\/2022\/05\/4-1.pdf\">Rozvaha 2021<\/a><\/span><\/td><\/tr><tr><td class=\"has-text-align-center\" data-align=\"center\"><span style=\"text-decoration: underline;\"><a href=\"https:\/\/www.obec-rataje.cz\/wp\/wp-content\/uploads\/2022\/05\/5-1.pdf\">V\u00fdkaz zisku a ztr\u00e1ty 2021<\/a><\/span><\/td><\/tr><tr><td class=\"has-text-align-center\" data-align=\"center\"><span style=\"text-decoration: underline;\"><a href=\"https:\/\/www.obec-rataje.cz\/wp\/wp-content\/uploads\/2022\/05\/6-1.pdf\">P\u0159\u00edloha 2021<\/a><\/span><\/td><\/tr><tr><td class=\"has-text-align-center\" data-align=\"center\"><span style=\"text-decoration: underline;\"><a href=\"https:\/\/www.obec-rataje.cz\/wp\/wp-content\/uploads\/2022\/05\/7-1.pdf\">Zpr\u00e1va o v\u00fdsledku p\u0159ezkoum\u00e1n\u00ed hospoda\u0159en\u00ed obce Rataje 2021<\/a><\/span><\/td><\/tr><\/tbody><\/table><\/figure>\n","protected":false},"excerpt":{"rendered":"<p>N\u00e1vrh z\u00e1v\u011bre\u010dn\u00e9ho \u00fa\u010dtu Obce Rataje za rok 2021 P\u0159\u00edloha \u010d. 2 Pln\u011bn\u00ed rozpo\u010dtu 2021 Rozvaha 2021 V\u00fdkaz zisku a ztr\u00e1ty 2021 P\u0159\u00edloha 2021 Zpr\u00e1va o v\u00fdsledku p\u0159ezkoum\u00e1n\u00ed hospoda\u0159en\u00ed obce Rataje 2021<\/p>\n","protected":false},"author":1,"featured_media":0,"parent":0,"menu_order":0,"comment_status":"closed","ping_status":"closed","template":"","meta":{"footnotes":""},"class_list":["post-460","page","type-page","status-publish","hentry"],"_links":{"self":[{"href":"https:\/\/www.obec-rataje.cz\/wp\/wp-json\/wp\/v2\/pages\/460","targetHints":{"allow":["GET"]}}],"collection":[{"href":"https:\/\/www.obec-rataje.cz\/wp\/wp-json\/wp\/v2\/pages"}],"about":[{"href":"https:\/\/www.obec-rataje.cz\/wp\/wp-json\/wp\/v2\/types\/page"}],"author":[{"embeddable":true,"href":"https:\/\/www.obec-rataje.cz\/wp\/wp-json\/wp\/v2\/users\/1"}],"replies":[{"embeddable":true,"href":"https:\/\/www.obec-rataje.cz\/wp\/wp-json\/wp\/v2\/comments?post=460"}],"version-history":[{"count":2,"href":"https:\/\/www.obec-rataje.cz\/wp\/wp-json\/wp\/v2\/pages\/460\/revisions"}],"predecessor-version":[{"id":471,"href":"https:\/\/www.obec-rataje.cz\/wp\/wp-json\/wp\/v2\/pages\/460\/revisions\/471"}],"wp:attachment":[{"href":"https:\/\/www.obec-rataje.cz\/wp\/wp-json\/wp\/v2\/media?parent=460"}],"curies":[{"name":"wp","href":"https:\/\/api.w.org\/{rel}","templated":true}]}}