{"id":605,"date":"2023-07-10T21:55:21","date_gmt":"2023-07-10T19:55:21","guid":{"rendered":"https:\/\/www.obec-rataje.cz\/wp\/?page_id=605"},"modified":"2023-07-10T21:55:26","modified_gmt":"2023-07-10T19:55:26","slug":"zaverecny-ucet-obce-rataje-za-rok-2022","status":"publish","type":"page","link":"https:\/\/www.obec-rataje.cz\/wp\/zaverecny-ucet-obce-rataje-za-rok-2022\/","title":{"rendered":"Z\u00e1v\u011bre\u010dn\u00fd \u00fa\u010det obce Rataje za rok 2022"},"content":{"rendered":"\n<figure class=\"wp-block-table aligncenter is-style-stripes\"><table><tbody><tr><td class=\"has-text-align-center\" data-align=\"center\"><span style=\"text-decoration: underline;\"><a href=\"https:\/\/www.obec-rataje.cz\/wp\/wp-content\/uploads\/2023\/07\/01.pdf\">Z\u00e1v\u011bre\u010dn\u00fd \u00fa\u010det Obce Rataje za rok 2022<\/a><\/span><\/td><\/tr><tr><td class=\"has-text-align-center\" data-align=\"center\"><span style=\"text-decoration: underline;\"><a href=\"https:\/\/www.obec-rataje.cz\/wp\/wp-content\/uploads\/2023\/07\/02.pdf\">P\u0159\u00edloha \u010d. 2<\/a><\/span><\/td><\/tr><tr><td class=\"has-text-align-center\" data-align=\"center\"><span style=\"text-decoration: underline;\"><a href=\"https:\/\/www.obec-rataje.cz\/wp\/wp-content\/uploads\/2023\/07\/03.pdf\">Pln\u011bn\u00ed rozpo\u010dtu 2022<\/a><\/span><\/td><\/tr><tr><td class=\"has-text-align-center\" data-align=\"center\"><span style=\"text-decoration: underline;\"><a href=\"https:\/\/www.obec-rataje.cz\/wp\/wp-content\/uploads\/2023\/07\/04.pdf\">P\u0159\u00edloha<\/a><\/span><\/td><\/tr><tr><td class=\"has-text-align-center\" data-align=\"center\"><span style=\"text-decoration: underline;\"><a href=\"https:\/\/www.obec-rataje.cz\/wp\/wp-content\/uploads\/2023\/07\/05.pdf\">V\u00fdkaz zisku a ztr\u00e1ty 2022<\/a><\/span><\/td><\/tr><tr><td class=\"has-text-align-center\" data-align=\"center\"><span style=\"text-decoration: underline;\"><a href=\"https:\/\/www.obec-rataje.cz\/wp\/wp-content\/uploads\/2023\/07\/06.pdf\">Rozvaha 2022<\/a><\/span><\/td><\/tr><tr><td class=\"has-text-align-center\" data-align=\"center\"><span style=\"text-decoration: underline;\"><a href=\"https:\/\/www.obec-rataje.cz\/wp\/wp-content\/uploads\/2023\/07\/07.pdf\">Transfery<\/a><\/span><\/td><\/tr><tr><td class=\"has-text-align-center\" data-align=\"center\"><span style=\"text-decoration: underline;\"><a href=\"https:\/\/www.obec-rataje.cz\/wp\/wp-content\/uploads\/2023\/07\/08.pdf\">Zpr\u00e1va o v\u00fdsledku p\u0159ezkoum\u00e1n\u00ed hospoda\u0159en\u00ed obce Rataje za rok 2022<\/a><\/span><\/td><\/tr><\/tbody><\/table><\/figure>\n","protected":false},"excerpt":{"rendered":"<p>Z\u00e1v\u011bre\u010dn\u00fd \u00fa\u010det Obce Rataje za rok 2022 P\u0159\u00edloha \u010d. 2 Pln\u011bn\u00ed rozpo\u010dtu 2022 P\u0159\u00edloha V\u00fdkaz zisku a ztr\u00e1ty 2022 Rozvaha 2022 Transfery Zpr\u00e1va o v\u00fdsledku p\u0159ezkoum\u00e1n\u00ed hospoda\u0159en\u00ed obce Rataje za rok 2022<\/p>\n","protected":false},"author":1,"featured_media":0,"parent":0,"menu_order":0,"comment_status":"closed","ping_status":"closed","template":"","meta":{"footnotes":""},"class_list":["post-605","page","type-page","status-publish","hentry"],"_links":{"self":[{"href":"https:\/\/www.obec-rataje.cz\/wp\/wp-json\/wp\/v2\/pages\/605","targetHints":{"allow":["GET"]}}],"collection":[{"href":"https:\/\/www.obec-rataje.cz\/wp\/wp-json\/wp\/v2\/pages"}],"about":[{"href":"https:\/\/www.obec-rataje.cz\/wp\/wp-json\/wp\/v2\/types\/page"}],"author":[{"embeddable":true,"href":"https:\/\/www.obec-rataje.cz\/wp\/wp-json\/wp\/v2\/users\/1"}],"replies":[{"embeddable":true,"href":"https:\/\/www.obec-rataje.cz\/wp\/wp-json\/wp\/v2\/comments?post=605"}],"version-history":[{"count":1,"href":"https:\/\/www.obec-rataje.cz\/wp\/wp-json\/wp\/v2\/pages\/605\/revisions"}],"predecessor-version":[{"id":607,"href":"https:\/\/www.obec-rataje.cz\/wp\/wp-json\/wp\/v2\/pages\/605\/revisions\/607"}],"wp:attachment":[{"href":"https:\/\/www.obec-rataje.cz\/wp\/wp-json\/wp\/v2\/media?parent=605"}],"curies":[{"name":"wp","href":"https:\/\/api.w.org\/{rel}","templated":true}]}}