{"id":998,"date":"2026-03-24T06:27:14","date_gmt":"2026-03-24T05:27:14","guid":{"rendered":"https:\/\/www.obec-rataje.cz\/wp\/?page_id=998"},"modified":"2026-03-24T06:29:53","modified_gmt":"2026-03-24T05:29:53","slug":"navrh-zaverecneho-ucetu-svazku-obci-ekoso-za-rok-2025","status":"publish","type":"page","link":"https:\/\/www.obec-rataje.cz\/wp\/navrh-zaverecneho-ucetu-svazku-obci-ekoso-za-rok-2025\/","title":{"rendered":"N\u00e1vrh z\u00e1v\u011bre\u010dn\u00e9ho \u00fa\u010dtu Svazk\u016f obc\u00ed EKOSO za rok 2025"},"content":{"rendered":"\n<figure class=\"wp-block-table aligncenter is-style-stripes\"><table class=\"has-fixed-layout\"><tbody><tr><td class=\"has-text-align-center\" data-align=\"center\"><span style=\"text-decoration: underline;\"><a href=\"https:\/\/www.obec-rataje.cz\/wp\/wp-content\/uploads\/2026\/03\/1.pdf\">N\u00e1vrh z\u00e1v\u011bre\u010dn\u00e9ho \u00fa\u010dtu Svazk\u016f obc\u00ed EKOSO za rok 2025<\/a><\/span><\/td><\/tr><tr><td class=\"has-text-align-center\" data-align=\"center\"><span style=\"text-decoration: underline;\"><a href=\"https:\/\/www.obec-rataje.cz\/wp\/wp-content\/uploads\/2026\/03\/2.pdf\">Zpr\u00e1va o v\u00fdsledku p\u0159ezkoum\u00e1n\u00ed hospoda\u0159en\u00ed dobrovoln\u00e9ho svazku obc\u00ed<\/a><\/span><\/td><\/tr><tr><td class=\"has-text-align-center\" data-align=\"center\"><span style=\"text-decoration: underline;\"><a href=\"https:\/\/www.obec-rataje.cz\/wp\/wp-content\/uploads\/2026\/03\/3.pdf\">V\u00fdkaz<\/a><\/span><\/td><\/tr><tr><td class=\"has-text-align-center\" data-align=\"center\"><span style=\"text-decoration: underline;\"><a href=\"https:\/\/www.obec-rataje.cz\/wp\/wp-content\/uploads\/2026\/03\/4.pdf\">Rozvaha<\/a><\/span><\/td><\/tr><tr><td class=\"has-text-align-center\" data-align=\"center\"><span style=\"text-decoration: underline;\"><a href=\"https:\/\/www.obec-rataje.cz\/wp\/wp-content\/uploads\/2026\/03\/5.pdf\">V\u00fdkaz zisku a ztr\u00e1ty<\/a><\/span><\/td><\/tr><tr><td class=\"has-text-align-center\" data-align=\"center\"><span style=\"text-decoration: underline;\"><a href=\"https:\/\/www.obec-rataje.cz\/wp\/wp-content\/uploads\/2026\/03\/6.pdf\">P\u0159\u00edloha<\/a><\/span><\/td><\/tr><\/tbody><\/table><\/figure>\n","protected":false},"excerpt":{"rendered":"<p>N\u00e1vrh z\u00e1v\u011bre\u010dn\u00e9ho \u00fa\u010dtu Svazk\u016f obc\u00ed EKOSO za rok 2025 Zpr\u00e1va o v\u00fdsledku p\u0159ezkoum\u00e1n\u00ed hospoda\u0159en\u00ed dobrovoln\u00e9ho svazku obc\u00ed V\u00fdkaz Rozvaha V\u00fdkaz zisku a ztr\u00e1ty P\u0159\u00edloha<\/p>\n","protected":false},"author":1,"featured_media":0,"parent":0,"menu_order":0,"comment_status":"closed","ping_status":"closed","template":"","meta":{"footnotes":""},"class_list":["post-998","page","type-page","status-publish","hentry"],"_links":{"self":[{"href":"https:\/\/www.obec-rataje.cz\/wp\/wp-json\/wp\/v2\/pages\/998","targetHints":{"allow":["GET"]}}],"collection":[{"href":"https:\/\/www.obec-rataje.cz\/wp\/wp-json\/wp\/v2\/pages"}],"about":[{"href":"https:\/\/www.obec-rataje.cz\/wp\/wp-json\/wp\/v2\/types\/page"}],"author":[{"embeddable":true,"href":"https:\/\/www.obec-rataje.cz\/wp\/wp-json\/wp\/v2\/users\/1"}],"replies":[{"embeddable":true,"href":"https:\/\/www.obec-rataje.cz\/wp\/wp-json\/wp\/v2\/comments?post=998"}],"version-history":[{"count":2,"href":"https:\/\/www.obec-rataje.cz\/wp\/wp-json\/wp\/v2\/pages\/998\/revisions"}],"predecessor-version":[{"id":1003,"href":"https:\/\/www.obec-rataje.cz\/wp\/wp-json\/wp\/v2\/pages\/998\/revisions\/1003"}],"wp:attachment":[{"href":"https:\/\/www.obec-rataje.cz\/wp\/wp-json\/wp\/v2\/media?parent=998"}],"curies":[{"name":"wp","href":"https:\/\/api.w.org\/{rel}","templated":true}]}}